{"id":4165,"date":"2014-12-23T11:06:02","date_gmt":"2014-12-23T09:06:02","guid":{"rendered":"http:\/\/www.kadis.lt\/?page_id=4165"},"modified":"2025-07-22T14:26:49","modified_gmt":"2025-07-22T11:26:49","slug":"titulinis","status":"publish","type":"page","link":"https:\/\/www.kadis.lt\/?page_id=4165","title":{"rendered":"Titulinis"},"content":{"rendered":"\t\t<div data-elementor-type=\"wp-page\" data-elementor-id=\"4165\" class=\"elementor elementor-4165\" data-elementor-post-type=\"page\">\n\t\t\t\t<div class=\"elementor-element elementor-element-fa51cda e-grid e-con-full e-con e-parent\" data-id=\"fa51cda\" data-element_type=\"container\">\n\t\t\t\t<div class=\"elementor-element elementor-element-aa7fe15 elementor-widget elementor-widget-image\" data-id=\"aa7fe15\" data-element_type=\"widget\" data-widget_type=\"image.default\">\n\t\t\t\t\t\t\t\t\t\t\t\t<figure class=\"wp-caption\">\n\t\t\t\t\t\t\t\t\t\t\t<a href=\"https:\/\/www.kadis.lt\/?page_id=4328\">\n\t\t\t\t\t\t\t<img fetchpriority=\"high\" decoding=\"async\" width=\"445\" height=\"463\" src=\"https:\/\/www.kadis.lt\/wp-content\/uploads\/2014\/12\/vfdbbr512.jpg\" class=\"attachment-large size-large wp-image-4154\" alt=\"\" \/>\t\t\t\t\t\t\t\t<\/a>\n\t\t\t\t\t\t\t\t\t\t\t<figcaption class=\"widget-image-caption wp-caption-text\">I\u0161ilginio sud\u016brimo linijos<\/figcaption>\n\t\t\t\t\t\t\t\t\t\t<\/figure>\n\t\t\t\t\t\t\t\t\t<\/div>\n\t\t\t\t<div class=\"elementor-element elementor-element-8c3b2ec elementor-widget elementor-widget-image\" data-id=\"8c3b2ec\" data-element_type=\"widget\" data-widget_type=\"image.default\">\n\t\t\t\t\t\t\t\t\t\t\t\t<figure class=\"wp-caption\">\n\t\t\t\t\t\t\t\t\t\t\t<a href=\"https:\/\/www.kadis.lt\/?page_id=4266\">\n\t\t\t\t\t\t\t<img decoding=\"async\" width=\"445\" height=\"463\" src=\"https:\/\/www.kadis.lt\/wp-content\/uploads\/2014\/12\/foto4-445x4631.jpg\" class=\"attachment-full size-full wp-image-3465\" alt=\"\" \/>\t\t\t\t\t\t\t\t<\/a>\n\t\t\t\t\t\t\t\t\t\t\t<figcaption class=\"widget-image-caption wp-caption-text\">Presai<\/figcaption>\n\t\t\t\t\t\t\t\t\t\t<\/figure>\n\t\t\t\t\t\t\t\t\t<\/div>\n\t\t\t\t<div class=\"elementor-element elementor-element-98f7d97 elementor-widget elementor-widget-image\" data-id=\"98f7d97\" data-element_type=\"widget\" data-widget_type=\"image.default\">\n\t\t\t\t\t\t\t\t\t\t\t\t<figure class=\"wp-caption\">\n\t\t\t\t\t\t\t\t\t\t\t<a href=\"https:\/\/www.kadis.lt\/?page_id=4335\">\n\t\t\t\t\t\t\t<img decoding=\"async\" width=\"445\" height=\"463\" src=\"https:\/\/www.kadis.lt\/wp-content\/uploads\/2014\/12\/s2w.png\" class=\"attachment-large size-large wp-image-3663\" alt=\"\" \/>\t\t\t\t\t\t\t\t<\/a>\n\t\t\t\t\t\t\t\t\t\t\t<figcaption class=\"widget-image-caption wp-caption-text\">Dro\u017eli\u0173 i\u0161traukimo-filtravimo \u012frenginiai, ventiliatoriai<\/figcaption>\n\t\t\t\t\t\t\t\t\t\t<\/figure>\n\t\t\t\t\t\t\t\t\t<\/div>\n\t\t\t\t<div class=\"elementor-element elementor-element-5534fe8 elementor-widget elementor-widget-image\" data-id=\"5534fe8\" data-element_type=\"widget\" data-widget_type=\"image.default\">\n\t\t\t\t\t\t\t\t\t\t\t\t<figure class=\"wp-caption\">\n\t\t\t\t\t\t\t\t\t\t\t<a href=\"https:\/\/www.kadis.lt\/?page_id=4345\">\n\t\t\t\t\t\t\t<img loading=\"lazy\" decoding=\"async\" width=\"445\" height=\"463\" src=\"https:\/\/www.kadis.lt\/wp-content\/uploads\/2014\/12\/sa.png\" class=\"attachment-large size-large wp-image-3661\" alt=\"\" \/>\t\t\t\t\t\t\t\t<\/a>\n\t\t\t\t\t\t\t\t\t\t\t<figcaption class=\"widget-image-caption wp-caption-text\">Kiti \u012frenginiai<\/figcaption>\n\t\t\t\t\t\t\t\t\t\t<\/figure>\n\t\t\t\t\t\t\t\t\t<\/div>\n\t\t\t\t<\/div>\n\t\t\t\t<\/div>\n\t\t","protected":false},"excerpt":{"rendered":"<p>I\u0161ilginio sud\u016brimo linijos Presai Dro\u017eli\u0173 i\u0161traukimo-filtravimo \u012frenginiai, ventiliatoriai Kiti \u012frenginiai<\/p>\n","protected":false},"author":3,"featured_media":0,"parent":0,"menu_order":0,"comment_status":"closed","ping_status":"closed","template":"elementor_header_footer","meta":{"footnotes":""},"class_list":["post-4165","page","type-page","status-publish","hentry"],"_links":{"self":[{"href":"https:\/\/www.kadis.lt\/index.php?rest_route=\/wp\/v2\/pages\/4165"}],"collection":[{"href":"https:\/\/www.kadis.lt\/index.php?rest_route=\/wp\/v2\/pages"}],"about":[{"href":"https:\/\/www.kadis.lt\/index.php?rest_route=\/wp\/v2\/types\/page"}],"author":[{"embeddable":true,"href":"https:\/\/www.kadis.lt\/index.php?rest_route=\/wp\/v2\/users\/3"}],"replies":[{"embeddable":true,"href":"https:\/\/www.kadis.lt\/index.php?rest_route=%2Fwp%2Fv2%2Fcomments&post=4165"}],"version-history":[{"count":17,"href":"https:\/\/www.kadis.lt\/index.php?rest_route=\/wp\/v2\/pages\/4165\/revisions"}],"predecessor-version":[{"id":4357,"href":"https:\/\/www.kadis.lt\/index.php?rest_route=\/wp\/v2\/pages\/4165\/revisions\/4357"}],"wp:attachment":[{"href":"https:\/\/www.kadis.lt\/index.php?rest_route=%2Fwp%2Fv2%2Fmedia&parent=4165"}],"curies":[{"name":"wp","href":"https:\/\/api.w.org\/{rel}","templated":true}]}}