{"id":4345,"date":"2025-07-22T14:05:39","date_gmt":"2025-07-22T11:05:39","guid":{"rendered":"https:\/\/www.kadis.lt\/?page_id=4345"},"modified":"2025-07-22T14:14:10","modified_gmt":"2025-07-22T11:14:10","slug":"kiti-irenginiai","status":"publish","type":"page","link":"https:\/\/www.kadis.lt\/?page_id=4345","title":{"rendered":"Kiti \u012erenginiai"},"content":{"rendered":"\t\t<div data-elementor-type=\"wp-page\" data-elementor-id=\"4345\" class=\"elementor elementor-4345\" data-elementor-post-type=\"page\">\n\t\t\t\t<div class=\"elementor-element elementor-element-827d4c4 e-flex e-con-boxed e-con e-parent\" data-id=\"827d4c4\" data-element_type=\"container\">\n\t\t\t\t\t<div class=\"e-con-inner\">\n\t\t\t\t<div class=\"elementor-element elementor-element-ac9a049 elementor-nav-menu--dropdown-tablet elementor-nav-menu__text-align-aside elementor-nav-menu--toggle elementor-nav-menu--burger elementor-widget elementor-widget-nav-menu\" data-id=\"ac9a049\" data-element_type=\"widget\" data-settings=\"{&quot;layout&quot;:&quot;horizontal&quot;,&quot;submenu_icon&quot;:{&quot;value&quot;:&quot;&lt;svg class=\\&quot;e-font-icon-svg e-fas-caret-down\\&quot; viewBox=\\&quot;0 0 320 512\\&quot; xmlns=\\&quot;http:\\\/\\\/www.w3.org\\\/2000\\\/svg\\&quot;&gt;&lt;path d=\\&quot;M31.3 192h257.3c17.8 0 26.7 21.5 14.1 34.1L174.1 354.8c-7.8 7.8-20.5 7.8-28.3 0L17.2 226.1C4.6 213.5 13.5 192 31.3 192z\\&quot;&gt;&lt;\\\/path&gt;&lt;\\\/svg&gt;&quot;,&quot;library&quot;:&quot;fa-solid&quot;},&quot;toggle&quot;:&quot;burger&quot;}\" data-widget_type=\"nav-menu.default\">\n\t\t\t\t\t\t\t\t<nav aria-label=\"Menu\" class=\"elementor-nav-menu--main elementor-nav-menu__container elementor-nav-menu--layout-horizontal e--pointer-underline e--animation-fade\">\n\t\t\t\t<ul id=\"menu-1-ac9a049\" class=\"elementor-nav-menu\"><li class=\"menu-item menu-item-type-post_type menu-item-object-page first menu-item-4362\"><a href=\"https:\/\/www.kadis.lt\/?page_id=4328\" class=\"elementor-item\">I\u0161ilginio sud\u016brimo linijos<\/a><\/li>\n<li class=\"menu-item menu-item-type-post_type menu-item-object-page menu-item-4363\"><a href=\"https:\/\/www.kadis.lt\/?page_id=4266\" class=\"elementor-item\">Presai<\/a><\/li>\n<li class=\"menu-item menu-item-type-post_type menu-item-object-page menu-item-4361\"><a href=\"https:\/\/www.kadis.lt\/?page_id=4335\" class=\"elementor-item\">Dro\u017eli\u0173 i\u0161traukimo-filtravimo \u012frenginiai, ventiliatoriai<\/a><\/li>\n<li class=\"menu-item menu-item-type-post_type menu-item-object-page last menu-item-4360\"><a href=\"https:\/\/www.kadis.lt\/?page_id=4345\" class=\"elementor-item\">Kiti \u012erenginiai<\/a><\/li>\n<\/ul>\t\t\t<\/nav>\n\t\t\t\t\t<div class=\"elementor-menu-toggle\" role=\"button\" tabindex=\"0\" aria-label=\"Menu Toggle\" aria-expanded=\"false\">\n\t\t\t<svg aria-hidden=\"true\" role=\"presentation\" class=\"elementor-menu-toggle__icon--open e-font-icon-svg e-eicon-menu-bar\" viewBox=\"0 0 1000 1000\" xmlns=\"http:\/\/www.w3.org\/2000\/svg\"><path d=\"M104 333H896C929 333 958 304 958 271S929 208 896 208H104C71 208 42 237 42 271S71 333 104 333ZM104 583H896C929 583 958 554 958 521S929 458 896 458H104C71 458 42 487 42 521S71 583 104 583ZM104 833H896C929 833 958 804 958 771S929 708 896 708H104C71 708 42 737 42 771S71 833 104 833Z\"><\/path><\/svg><svg aria-hidden=\"true\" role=\"presentation\" class=\"elementor-menu-toggle__icon--close e-font-icon-svg e-eicon-close\" viewBox=\"0 0 1000 1000\" xmlns=\"http:\/\/www.w3.org\/2000\/svg\"><path d=\"M742 167L500 408 258 167C246 154 233 150 217 150 196 150 179 158 167 167 154 179 150 196 150 212 150 229 154 242 171 254L408 500 167 742C138 771 138 800 167 829 196 858 225 858 254 829L496 587 738 829C750 842 767 846 783 846 800 846 817 842 829 829 842 817 846 804 846 783 846 767 842 750 829 737L588 500 833 258C863 229 863 200 833 171 804 137 775 137 742 167Z\"><\/path><\/svg>\t\t<\/div>\n\t\t\t\t\t<nav class=\"elementor-nav-menu--dropdown elementor-nav-menu__container\" aria-hidden=\"true\">\n\t\t\t\t<ul id=\"menu-2-ac9a049\" class=\"elementor-nav-menu\"><li class=\"menu-item menu-item-type-post_type menu-item-object-page first menu-item-4362\"><a href=\"https:\/\/www.kadis.lt\/?page_id=4328\" class=\"elementor-item\" tabindex=\"-1\">I\u0161ilginio sud\u016brimo linijos<\/a><\/li>\n<li class=\"menu-item menu-item-type-post_type menu-item-object-page menu-item-4363\"><a href=\"https:\/\/www.kadis.lt\/?page_id=4266\" class=\"elementor-item\" tabindex=\"-1\">Presai<\/a><\/li>\n<li class=\"menu-item menu-item-type-post_type menu-item-object-page menu-item-4361\"><a href=\"https:\/\/www.kadis.lt\/?page_id=4335\" class=\"elementor-item\" tabindex=\"-1\">Dro\u017eli\u0173 i\u0161traukimo-filtravimo \u012frenginiai, ventiliatoriai<\/a><\/li>\n<li class=\"menu-item menu-item-type-post_type menu-item-object-page last menu-item-4360\"><a href=\"https:\/\/www.kadis.lt\/?page_id=4345\" class=\"elementor-item\" tabindex=\"-1\">Kiti \u012erenginiai<\/a><\/li>\n<\/ul>\t\t\t<\/nav>\n\t\t\t\t\t\t<\/div>\n\t\t\t\t\t<\/div>\n\t\t\t\t<\/div>\n\t\t<div class=\"elementor-element elementor-element-94f0459 e-flex e-con-boxed e-con e-parent\" data-id=\"94f0459\" data-element_type=\"container\">\n\t\t\t\t\t<div class=\"e-con-inner\">\n\t\t\t\t<div class=\"elementor-element elementor-element-843a1f4 elementor-widget elementor-widget-image\" data-id=\"843a1f4\" data-element_type=\"widget\" data-widget_type=\"image.default\">\n\t\t\t\t\t\t\t\t\t\t\t\t<figure class=\"wp-caption\">\n\t\t\t\t\t\t\t\t\t\t\t<a href=\"https:\/\/www.kadis.lt\/?p=1674\">\n\t\t\t\t\t\t\t<img fetchpriority=\"high\" decoding=\"async\" width=\"253\" height=\"271\" src=\"https:\/\/www.kadis.lt\/wp-content\/uploads\/2014\/12\/FK-2MD.png\" class=\"attachment-large size-large wp-image-2249\" alt=\"\" \/>\t\t\t\t\t\t\t\t<\/a>\n\t\t\t\t\t\t\t\t\t\t\t<figcaption class=\"widget-image-caption wp-caption-text\">Medienos frezavimo stakl\u0117s FK-2MD<\/figcaption>\n\t\t\t\t\t\t\t\t\t\t<\/figure>\n\t\t\t\t\t\t\t\t\t<\/div>\n\t\t\t\t<div class=\"elementor-element elementor-element-b9c7e2f elementor-widget elementor-widget-image\" data-id=\"b9c7e2f\" data-element_type=\"widget\" data-widget_type=\"image.default\">\n\t\t\t\t\t\t\t\t\t\t\t\t<figure class=\"wp-caption\">\n\t\t\t\t\t\t\t\t\t\t\t<a href=\"https:\/\/www.kadis.lt\/?p=1677\">\n\t\t\t\t\t\t\t<img decoding=\"async\" width=\"285\" height=\"272\" src=\"https:\/\/www.kadis.lt\/wp-content\/uploads\/2014\/12\/fk-2m.jpg\" class=\"attachment-large size-large wp-image-2251\" alt=\"\" \/>\t\t\t\t\t\t\t\t<\/a>\n\t\t\t\t\t\t\t\t\t\t\t<figcaption class=\"widget-image-caption wp-caption-text\">Medienos frezavimo stakl\u0117s FK-2M<\/figcaption>\n\t\t\t\t\t\t\t\t\t\t<\/figure>\n\t\t\t\t\t\t\t\t\t<\/div>\n\t\t\t\t<div class=\"elementor-element elementor-element-48563bb elementor-widget elementor-widget-image\" data-id=\"48563bb\" data-element_type=\"widget\" data-widget_type=\"image.default\">\n\t\t\t\t\t\t\t\t\t\t\t\t<figure class=\"wp-caption\">\n\t\t\t\t\t\t\t\t\t\t\t<a href=\"https:\/\/www.kadis.lt\/?p=1679\">\n\t\t\t\t\t\t\t<img decoding=\"async\" width=\"300\" height=\"287\" src=\"https:\/\/www.kadis.lt\/wp-content\/uploads\/2014\/12\/fk-2mp.jpg\" class=\"attachment-large size-large wp-image-2254\" alt=\"\" \/>\t\t\t\t\t\t\t\t<\/a>\n\t\t\t\t\t\t\t\t\t\t\t<figcaption class=\"widget-image-caption wp-caption-text\">Medienos frezavimo stakl\u0117s FK-2MP<\/figcaption>\n\t\t\t\t\t\t\t\t\t\t<\/figure>\n\t\t\t\t\t\t\t\t\t<\/div>\n\t\t\t\t<div class=\"elementor-element elementor-element-c1ed30f elementor-widget elementor-widget-image\" data-id=\"c1ed30f\" data-element_type=\"widget\" data-widget_type=\"image.default\">\n\t\t\t\t\t\t\t\t\t\t\t\t<figure class=\"wp-caption\">\n\t\t\t\t\t\t\t\t\t\t\t<a href=\"https:\/\/www.kadis.lt\/?p=1682\">\n\t\t\t\t\t\t\t<img loading=\"lazy\" decoding=\"async\" width=\"338\" height=\"254\" src=\"https:\/\/www.kadis.lt\/wp-content\/uploads\/2014\/12\/fk-2s.jpg\" class=\"attachment-large size-large wp-image-2256\" alt=\"\" srcset=\"https:\/\/www.kadis.lt\/wp-content\/uploads\/2014\/12\/fk-2s.jpg 338w, https:\/\/www.kadis.lt\/wp-content\/uploads\/2014\/12\/fk-2s-300x225.jpg 300w\" sizes=\"(max-width: 338px) 100vw, 338px\" \/>\t\t\t\t\t\t\t\t<\/a>\n\t\t\t\t\t\t\t\t\t\t\t<figcaption class=\"widget-image-caption wp-caption-text\">Medienos frezavimo stakl\u0117s FK-2S<\/figcaption>\n\t\t\t\t\t\t\t\t\t\t<\/figure>\n\t\t\t\t\t\t\t\t\t<\/div>\n\t\t\t\t<div class=\"elementor-element elementor-element-07942ff elementor-widget elementor-widget-image\" data-id=\"07942ff\" data-element_type=\"widget\" data-widget_type=\"image.default\">\n\t\t\t\t\t\t\t\t\t\t\t\t<figure class=\"wp-caption\">\n\t\t\t\t\t\t\t\t\t\t\t<a href=\"https:\/\/www.kadis.lt\/?p=1725\">\n\t\t\t\t\t\t\t<img loading=\"lazy\" decoding=\"async\" width=\"300\" height=\"278\" src=\"https:\/\/www.kadis.lt\/wp-content\/uploads\/2014\/12\/kvk-200.jpg\" class=\"attachment-large size-large wp-image-3847\" alt=\"\" \/>\t\t\t\t\t\t\t\t<\/a>\n\t\t\t\t\t\t\t\t\t\t\t<figcaption class=\"widget-image-caption wp-caption-text\">Klij\u0173 tepimo valcai KVK-200<\/figcaption>\n\t\t\t\t\t\t\t\t\t\t<\/figure>\n\t\t\t\t\t\t\t\t\t<\/div>\n\t\t\t\t<div class=\"elementor-element elementor-element-a22637a elementor-widget elementor-widget-image\" data-id=\"a22637a\" data-element_type=\"widget\" data-widget_type=\"image.default\">\n\t\t\t\t\t\t\t\t\t\t\t\t<figure class=\"wp-caption\">\n\t\t\t\t\t\t\t\t\t\t\t<a href=\"https:\/\/www.kadis.lt\/?p=4065\">\n\t\t\t\t\t\t\t<img loading=\"lazy\" decoding=\"async\" width=\"232\" height=\"275\" src=\"https:\/\/www.kadis.lt\/wp-content\/uploads\/2014\/12\/sasa.jpg\" class=\"attachment-large size-large wp-image-4067\" alt=\"\" \/>\t\t\t\t\t\t\t\t<\/a>\n\t\t\t\t\t\t\t\t\t\t\t<figcaption class=\"widget-image-caption wp-caption-text\">Klij\u0173 tepimo valcai KVK-350<\/figcaption>\n\t\t\t\t\t\t\t\t\t\t<\/figure>\n\t\t\t\t\t\t\t\t\t<\/div>\n\t\t\t\t<div class=\"elementor-element elementor-element-30a8abd elementor-widget elementor-widget-image\" data-id=\"30a8abd\" data-element_type=\"widget\" data-widget_type=\"image.default\">\n\t\t\t\t\t\t\t\t\t\t\t\t<figure class=\"wp-caption\">\n\t\t\t\t\t\t\t\t\t\t\t<a href=\"https:\/\/www.kadis.lt\/?p=4090\">\n\t\t\t\t\t\t\t<img loading=\"lazy\" decoding=\"async\" width=\"245\" height=\"166\" src=\"https:\/\/www.kadis.lt\/wp-content\/uploads\/2014\/12\/\u0160pk1.png\" class=\"attachment-large size-large wp-image-4096\" alt=\"\" \/>\t\t\t\t\t\t\t\t<\/a>\n\t\t\t\t\t\t\t\t\t\t\t<figcaption class=\"widget-image-caption wp-caption-text\">Medienos \u0161lifavimo stakl\u0117s \u0160PK-1<\/figcaption>\n\t\t\t\t\t\t\t\t\t\t<\/figure>\n\t\t\t\t\t\t\t\t\t<\/div>\n\t\t\t\t<div class=\"elementor-element elementor-element-7fb4624 elementor-widget elementor-widget-image\" data-id=\"7fb4624\" data-element_type=\"widget\" data-widget_type=\"image.default\">\n\t\t\t\t\t\t\t\t\t\t\t\t<figure class=\"wp-caption\">\n\t\t\t\t\t\t\t\t\t\t\t<a href=\"https:\/\/www.kadis.lt\/?p=2241\">\n\t\t\t\t\t\t\t<img loading=\"lazy\" decoding=\"async\" width=\"246\" height=\"168\" src=\"https:\/\/www.kadis.lt\/wp-content\/uploads\/2014\/12\/\u0160pk2.png\" class=\"attachment-large size-large wp-image-4093\" alt=\"\" \/>\t\t\t\t\t\t\t\t<\/a>\n\t\t\t\t\t\t\t\t\t\t\t<figcaption class=\"widget-image-caption wp-caption-text\">Medienos \u0161lifavimo stakl\u0117s \u0160PK-2<\/figcaption>\n\t\t\t\t\t\t\t\t\t\t<\/figure>\n\t\t\t\t\t\t\t\t\t<\/div>\n\t\t\t\t<div class=\"elementor-element elementor-element-1864305 elementor-widget elementor-widget-image\" data-id=\"1864305\" data-element_type=\"widget\" data-widget_type=\"image.default\">\n\t\t\t\t\t\t\t\t\t\t\t\t<figure class=\"wp-caption\">\n\t\t\t\t\t\t\t\t\t\t\t<a href=\"https:\/\/www.kadis.lt\/?p=3630\">\n\t\t\t\t\t\t\t<img loading=\"lazy\" decoding=\"async\" width=\"640\" height=\"519\" src=\"https:\/\/www.kadis.lt\/wp-content\/uploads\/2014\/12\/FK_2SV-Copy1-800x649.jpg\" class=\"attachment-large size-large wp-image-3870\" alt=\"\" srcset=\"https:\/\/www.kadis.lt\/wp-content\/uploads\/2014\/12\/FK_2SV-Copy1-800x649.jpg 800w, https:\/\/www.kadis.lt\/wp-content\/uploads\/2014\/12\/FK_2SV-Copy1-899x729.jpg 899w, https:\/\/www.kadis.lt\/wp-content\/uploads\/2014\/12\/FK_2SV-Copy1.jpg 1608w\" sizes=\"(max-width: 640px) 100vw, 640px\" \/>\t\t\t\t\t\t\t\t<\/a>\n\t\t\t\t\t\t\t\t\t\t\t<figcaption class=\"widget-image-caption wp-caption-text\">Medienos frezavimo stakl\u0117s FK-2SV<\/figcaption>\n\t\t\t\t\t\t\t\t\t\t<\/figure>\n\t\t\t\t\t\t\t\t\t<\/div>\n\t\t\t\t<div class=\"elementor-element elementor-element-2f339dc elementor-widget elementor-widget-image\" data-id=\"2f339dc\" data-element_type=\"widget\" data-widget_type=\"image.default\">\n\t\t\t\t\t\t\t\t\t\t\t\t<figure class=\"wp-caption\">\n\t\t\t\t\t\t\t\t\t\t\t<a href=\"https:\/\/www.kadis.lt\/?p=2243\">\n\t\t\t\t\t\t\t<img loading=\"lazy\" decoding=\"async\" width=\"340\" height=\"133\" src=\"https:\/\/www.kadis.lt\/wp-content\/uploads\/2014\/12\/Untitled-340x133.png\" class=\"attachment-large size-large wp-image-3632\" alt=\"\" srcset=\"https:\/\/www.kadis.lt\/wp-content\/uploads\/2014\/12\/Untitled-340x133.png 340w, https:\/\/www.kadis.lt\/wp-content\/uploads\/2014\/12\/Untitled-300x117.png 300w, https:\/\/www.kadis.lt\/wp-content\/uploads\/2014\/12\/Untitled.png 578w\" sizes=\"(max-width: 340px) 100vw, 340px\" \/>\t\t\t\t\t\t\t\t<\/a>\n\t\t\t\t\t\t\t\t\t\t\t<figcaption class=\"widget-image-caption wp-caption-text\">Apvaliapj\u016bkl\u0117s skersinio pjovimo stakl\u0117s APK-200<\/figcaption>\n\t\t\t\t\t\t\t\t\t\t<\/figure>\n\t\t\t\t\t\t\t\t\t<\/div>\n\t\t\t\t<div class=\"elementor-element elementor-element-e611423 elementor-widget elementor-widget-image\" data-id=\"e611423\" data-element_type=\"widget\" data-widget_type=\"image.default\">\n\t\t\t\t\t\t\t\t\t\t\t\t<figure class=\"wp-caption\">\n\t\t\t\t\t\t\t\t\t\t\t<a href=\"https:\/\/www.kadis.lt\/?p=3845\">\n\t\t\t\t\t\t\t<img loading=\"lazy\" decoding=\"async\" width=\"600\" height=\"800\" src=\"https:\/\/www.kadis.lt\/wp-content\/uploads\/2014\/12\/PICT0015-600x800.jpg\" class=\"attachment-large size-large wp-image-3876\" alt=\"\" srcset=\"https:\/\/www.kadis.lt\/wp-content\/uploads\/2014\/12\/PICT0015-600x800.jpg 600w, https:\/\/www.kadis.lt\/wp-content\/uploads\/2014\/12\/PICT0015-674x899.jpg 674w, https:\/\/www.kadis.lt\/wp-content\/uploads\/2014\/12\/PICT0015.jpg 1704w\" sizes=\"(max-width: 600px) 100vw, 600px\" \/>\t\t\t\t\t\t\t\t<\/a>\n\t\t\t\t\t\t\t\t\t\t\t<figcaption class=\"widget-image-caption wp-caption-text\">Knied\u017ei\u0173 valcavimo stakl\u0117s KVSK-4<\/figcaption>\n\t\t\t\t\t\t\t\t\t\t<\/figure>\n\t\t\t\t\t\t\t\t\t<\/div>\n\t\t\t\t\t<\/div>\n\t\t\t\t<\/div>\n\t\t\t\t<\/div>\n\t\t","protected":false},"excerpt":{"rendered":"<p>Medienos frezavimo stakl\u0117s FK-2MD Medienos frezavimo stakl\u0117s FK-2M Medienos frezavimo stakl\u0117s FK-2MP Medienos frezavimo stakl\u0117s FK-2S Klij\u0173 tepimo valcai KVK-200 Klij\u0173 tepimo valcai KVK-350 Medienos \u0161lifavimo stakl\u0117s \u0160PK-1 Medienos \u0161lifavimo stakl\u0117s \u0160PK-2 Medienos frezavimo stakl\u0117s FK-2SV Apvaliapj\u016bkl\u0117s skersinio pjovimo stakl\u0117s APK-200 Knied\u017ei\u0173 valcavimo stakl\u0117s KVSK-4<\/p>\n","protected":false},"author":3,"featured_media":0,"parent":0,"menu_order":0,"comment_status":"closed","ping_status":"closed","template":"","meta":{"footnotes":""},"class_list":["post-4345","page","type-page","status-publish","hentry"],"_links":{"self":[{"href":"https:\/\/www.kadis.lt\/index.php?rest_route=\/wp\/v2\/pages\/4345"}],"collection":[{"href":"https:\/\/www.kadis.lt\/index.php?rest_route=\/wp\/v2\/pages"}],"about":[{"href":"https:\/\/www.kadis.lt\/index.php?rest_route=\/wp\/v2\/types\/page"}],"author":[{"embeddable":true,"href":"https:\/\/www.kadis.lt\/index.php?rest_route=\/wp\/v2\/users\/3"}],"replies":[{"embeddable":true,"href":"https:\/\/www.kadis.lt\/index.php?rest_route=%2Fwp%2Fv2%2Fcomments&post=4345"}],"version-history":[{"count":10,"href":"https:\/\/www.kadis.lt\/index.php?rest_route=\/wp\/v2\/pages\/4345\/revisions"}],"predecessor-version":[{"id":4354,"href":"https:\/\/www.kadis.lt\/index.php?rest_route=\/wp\/v2\/pages\/4345\/revisions\/4354"}],"wp:attachment":[{"href":"https:\/\/www.kadis.lt\/index.php?rest_route=%2Fwp%2Fv2%2Fmedia&parent=4345"}],"curies":[{"name":"wp","href":"https:\/\/api.w.org\/{rel}","templated":true}]}}