{"id":4388,"date":"2025-07-22T15:34:30","date_gmt":"2025-07-22T12:34:30","guid":{"rendered":"https:\/\/www.kadis.lt\/?page_id=4388"},"modified":"2025-07-22T15:34:52","modified_gmt":"2025-07-22T12:34:52","slug":"apie-imone-2","status":"publish","type":"page","link":"https:\/\/www.kadis.lt\/?page_id=4388","title":{"rendered":"Apie \u012emon\u0119"},"content":{"rendered":"\t\t<div data-elementor-type=\"wp-page\" data-elementor-id=\"4388\" class=\"elementor elementor-4388\" data-elementor-post-type=\"page\">\n\t\t\t\t<div class=\"elementor-element elementor-element-2b08ea7 e-flex e-con-boxed e-con e-parent\" data-id=\"2b08ea7\" data-element_type=\"container\">\n\t\t\t\t\t<div class=\"e-con-inner\">\n\t\t\t\t<div class=\"elementor-element elementor-element-99b89e3 elementor-widget elementor-widget-text-editor\" data-id=\"99b89e3\" data-element_type=\"widget\" data-widget_type=\"text-editor.default\">\n\t\t\t\t\t\t\t\t\t<p>1978 metais prie &#8220;DINAMO&#8221; fabriko buvo \u012fkurtas \u0161akinis projektavimo biuras visos tuometin\u0117s TSRS &#8220;DINAMO&#8221; draugijos fabrik\u0173 apr\u016bpinimui medienos apdirbimo \u012frengimais.<br \/>1990 metais \u0161akinis projektavimo ir gamybos biuras atsiskyr\u0117 nuo fabriko \u201eDINAMO\u201c ir \u012fsteig\u0117 UAB \u201eKADIS\u201c. Pagrindiniu bendrov\u0117s akcij\u0173 tur\u0117toju i\u0161liko valstyb\u0117.<br \/>UAB \u201eKADIS\u201c projektavo ir gamino \u012fvairius med\u017eio apdirbimo \u012frengimus.<\/p><p>Nuo 2010 met\u0173 valstybin\u0117 bendrov\u0117 \u201eKADIS\u201c reorganizavosi \u012f priva\u010di\u0105 bendrov\u0119 \u201eKadis ir Ko\u201c.<br \/>UAB \u201eKadis ir Ko\u201c turi auk\u0161tos kvalifikacijos specialistus, ger\u0105 gamybin\u0119 baz\u0119.<br \/>Bendrov\u0117 t\u0119sia med\u017eio apdirbimo \u012frengim\u0173 gamyb\u0105, nuolat tobulina savo gaminius, papildo gaminam\u0173 \u012frengim\u0173 asortiment\u0105 naujais modeliais ir tipais, atlieka \u012frengim\u0173 servis\u0105. Pagrindin\u0117s bendrov\u0117s gamybos kryptys yra:<br \/>&#8211; \u012frengimai i\u0161ilginiam medienos sud\u016brimui;<br \/>&#8211; \u012frengimai medienos klijavimui;<br \/>&#8211; \u012frengimai medienos dro\u017eli\u0173 ir dulki\u0173 nusiurbimui;<br \/>&#8211; special\u016bs \u012frengimai.<\/p><p>I\u0161ilginio medienos sud\u016brimo linijas gaminame nuo 1983 met\u0173, o nuo 1997 met\u0173 prad\u0117jome gaminti naujos kartos i\u0161ilginio sud\u016brimo linijas. \u0160iandien\u0105 m\u016bs\u0173 linijos dirba Lietuvos, Latvijos, Estijos, \u0160vedijos, Rusijos, Baltarusijos, Ukrainos, ir Kazachstano \u012fmon\u0117se. Medini\u0173 nam\u0173 gamintojams mes galime pasi\u016blyti kompaktin\u012f medienos sud\u016brimo pusautomat\u012f. \u012erenginys skirtas begaliniam sud\u016brimui ruo\u0161ini\u0173 iki 260 mm plo\u010dio, naudojant dviej\u0173 komponent\u0173 klijus.<\/p><p>M\u016bs\u0173 bendrov\u0117 suk\u016br\u0117 ir pagamino daug \u012fvairios paskirties hidraulini\u0173 ir pneumatini\u0173 pres\u0173 medienos klijavimui \u0161altu ir kar\u0161tu b\u016bdu. Dabar gaminame hidraulinius presus daugiasluoksniams ta\u0161ams nam\u0173 gamybai, lang\u0173 ta\u0161ams, bald\u0173 elementams, pla\u010dioms parketo lentoms.<\/p><p>Dro\u017eli\u0173 siurbimo \u012frenginius gaminame nuo 1992 met\u0173. \u0160iandien mes galime pasi\u016blyti pirk\u0117jams modulines dro\u017eli\u0173 ir dulki\u0173 siurbimo sistemas gr\u0105\u017einan\u010dias \u0161ilt\u0105 or\u0105 \u012f darbo patalpas, skirtas pastatyti tiek darbo patalp\u0173 viduje, tiek ir i\u0161or\u0117je. Be to mes gaminame didel\u012f asortiment\u0105 ventiliatori\u0173 ir nedideli\u0173 dro\u017eli\u0173 siurbimo \u012frengini\u0173, kaupian\u010di\u0173 dro\u017eles \u012f mai\u0161us. Ventiliatori\u0173 siurbliara\u010diai pagaminti i\u0161 kibirk\u0161\u010di\u0173 neskelian\u010di\u0173 med\u017eiag\u0173.<\/p><p>Bendrov\u0117 &#8220;Kadis ir Ko\u201c nuolat tobulina savo gamini\u0173 konstrukcij\u0105, didina patikimum\u0105 ir na\u0161um\u0105. \u012erengimuose naudojame tik auk\u0161tos kokyb\u0117s pasaulyje gerai \u017einom\u0173 firm\u0173 komplektuojan\u010dius gaminius. M\u016bs\u0173 \u012frengim\u0173 konstrukcijos atitinka Europos saugos standart\u0173 reikalavimus.<\/p>\t\t\t\t\t\t\t\t<\/div>\n\t\t\t\t\t<\/div>\n\t\t\t\t<\/div>\n\t\t\t\t<\/div>\n\t\t","protected":false},"excerpt":{"rendered":"<p>1978 metais prie &#8220;DINAMO&#8221; fabriko buvo \u012fkurtas \u0161akinis projektavimo biuras visos tuometin\u0117s TSRS &#8220;DINAMO&#8221; draugijos fabrik\u0173 apr\u016bpinimui medienos apdirbimo \u012frengimais.1990 metais \u0161akinis projektavimo ir gamybos biuras atsiskyr\u0117 nuo fabriko \u201eDINAMO\u201c ir \u012fsteig\u0117 UAB \u201eKADIS\u201c. Pagrindiniu bendrov\u0117s akcij\u0173 tur\u0117toju i\u0161liko valstyb\u0117.UAB \u201eKADIS\u201c projektavo ir gamino \u012fvairius med\u017eio apdirbimo \u012frengimus. Nuo 2010 met\u0173 valstybin\u0117 bendrov\u0117 \u201eKADIS\u201c reorganizavosi&#8230;  <a class=\"excerpt-read-more\" href=\"https:\/\/www.kadis.lt\/?page_id=4388\" title=\"Read Apie \u012emon\u0119\">Read more &raquo;<\/a><\/p>\n","protected":false},"author":3,"featured_media":0,"parent":0,"menu_order":0,"comment_status":"closed","ping_status":"closed","template":"","meta":{"footnotes":""},"class_list":["post-4388","page","type-page","status-publish","hentry"],"_links":{"self":[{"href":"https:\/\/www.kadis.lt\/index.php?rest_route=\/wp\/v2\/pages\/4388"}],"collection":[{"href":"https:\/\/www.kadis.lt\/index.php?rest_route=\/wp\/v2\/pages"}],"about":[{"href":"https:\/\/www.kadis.lt\/index.php?rest_route=\/wp\/v2\/types\/page"}],"author":[{"embeddable":true,"href":"https:\/\/www.kadis.lt\/index.php?rest_route=\/wp\/v2\/users\/3"}],"replies":[{"embeddable":true,"href":"https:\/\/www.kadis.lt\/index.php?rest_route=%2Fwp%2Fv2%2Fcomments&post=4388"}],"version-history":[{"count":4,"href":"https:\/\/www.kadis.lt\/index.php?rest_route=\/wp\/v2\/pages\/4388\/revisions"}],"predecessor-version":[{"id":4392,"href":"https:\/\/www.kadis.lt\/index.php?rest_route=\/wp\/v2\/pages\/4388\/revisions\/4392"}],"wp:attachment":[{"href":"https:\/\/www.kadis.lt\/index.php?rest_route=%2Fwp%2Fv2%2Fmedia&parent=4388"}],"curies":[{"name":"wp","href":"https:\/\/api.w.org\/{rel}","templated":true}]}}