{"id":4401,"date":"2025-07-22T15:36:33","date_gmt":"2025-07-22T12:36:33","guid":{"rendered":"https:\/\/www.kadis.lt\/?page_id=4401"},"modified":"2025-07-22T15:36:49","modified_gmt":"2025-07-22T12:36:49","slug":"servisas","status":"publish","type":"page","link":"https:\/\/www.kadis.lt\/?page_id=4401","title":{"rendered":"Servisas"},"content":{"rendered":"\t\t<div data-elementor-type=\"wp-page\" data-elementor-id=\"4401\" class=\"elementor elementor-4401\" data-elementor-post-type=\"page\">\n\t\t\t\t<div class=\"elementor-element elementor-element-5e236b4 e-flex e-con-boxed e-con e-parent\" data-id=\"5e236b4\" data-element_type=\"container\">\n\t\t\t\t\t<div class=\"e-con-inner\">\n\t\t\t\t<div class=\"elementor-element elementor-element-4d97aab elementor-widget elementor-widget-text-editor\" data-id=\"4d97aab\" data-element_type=\"widget\" data-widget_type=\"text-editor.default\">\n\t\t\t\t\t\t\t\t\t<p style=\"text-align: left;\" align=\"left\">\u012emon\u0117s &#8220;Kadis ir Ko&#8221; serviso tarnyba konsultuoja \u012frengim\u0173 eksploatacijos klausimais, atlieka garantin\u012f aptarnavim\u0105, suteikia technin\u0119 pagalb\u0105 po garantinio laikotarpio.<br \/>Be to, serviso tarnyba atlieka medienos i\u0161ilginio sud\u016brimo linij\u0173 bei kit\u0173 sud\u0117ting\u0173 \u012frengim\u0173 paleidim\u0105 eksploatacijon ir vartotojo operatori\u0173 apmokym\u0105.<\/p><p align=\"left\"><strong>TECHNINIS SERVISAS<\/strong><\/p><p align=\"left\">kadis@kadis.lt<\/p><hr \/><p align=\"left\"><strong>ELEKTRINIS SERVISAS<\/strong><\/p><p align=\"left\">kadis@kadis.lt<\/p><hr \/><p align=\"left\"><strong>ATSARGIN\u0116S DALYS<\/strong><\/p><p align=\"left\">kadis@kadis.lt<\/p>\t\t\t\t\t\t\t\t<\/div>\n\t\t\t\t\t<\/div>\n\t\t\t\t<\/div>\n\t\t\t\t<\/div>\n\t\t","protected":false},"excerpt":{"rendered":"<p>\u012emon\u0117s &#8220;Kadis ir Ko&#8221; serviso tarnyba konsultuoja \u012frengim\u0173 eksploatacijos klausimais, atlieka garantin\u012f aptarnavim\u0105, suteikia technin\u0119 pagalb\u0105 po garantinio laikotarpio.Be to, serviso tarnyba atlieka medienos i\u0161ilginio sud\u016brimo linij\u0173 bei kit\u0173 sud\u0117ting\u0173 \u012frengim\u0173 paleidim\u0105 eksploatacijon ir vartotojo operatori\u0173 apmokym\u0105. TECHNINIS SERVISAS kadis@kadis.lt ELEKTRINIS SERVISAS kadis@kadis.lt ATSARGIN\u0116S DALYS kadis@kadis.lt<\/p>\n","protected":false},"author":3,"featured_media":0,"parent":0,"menu_order":0,"comment_status":"closed","ping_status":"closed","template":"","meta":{"footnotes":""},"class_list":["post-4401","page","type-page","status-publish","hentry"],"_links":{"self":[{"href":"https:\/\/www.kadis.lt\/index.php?rest_route=\/wp\/v2\/pages\/4401"}],"collection":[{"href":"https:\/\/www.kadis.lt\/index.php?rest_route=\/wp\/v2\/pages"}],"about":[{"href":"https:\/\/www.kadis.lt\/index.php?rest_route=\/wp\/v2\/types\/page"}],"author":[{"embeddable":true,"href":"https:\/\/www.kadis.lt\/index.php?rest_route=\/wp\/v2\/users\/3"}],"replies":[{"embeddable":true,"href":"https:\/\/www.kadis.lt\/index.php?rest_route=%2Fwp%2Fv2%2Fcomments&post=4401"}],"version-history":[{"count":4,"href":"https:\/\/www.kadis.lt\/index.php?rest_route=\/wp\/v2\/pages\/4401\/revisions"}],"predecessor-version":[{"id":4403,"href":"https:\/\/www.kadis.lt\/index.php?rest_route=\/wp\/v2\/pages\/4401\/revisions\/4403"}],"wp:attachment":[{"href":"https:\/\/www.kadis.lt\/index.php?rest_route=%2Fwp%2Fv2%2Fmedia&parent=4401"}],"curies":[{"name":"wp","href":"https:\/\/api.w.org\/{rel}","templated":true}]}}