{"id":4407,"date":"2025-07-22T15:37:31","date_gmt":"2025-07-22T12:37:31","guid":{"rendered":"https:\/\/www.kadis.lt\/?page_id=4407"},"modified":"2025-07-22T15:37:56","modified_gmt":"2025-07-22T12:37:56","slug":"video-3","status":"publish","type":"page","link":"https:\/\/www.kadis.lt\/?page_id=4407","title":{"rendered":"Video"},"content":{"rendered":"\t\t<div data-elementor-type=\"wp-page\" data-elementor-id=\"4407\" class=\"elementor elementor-4407\" data-elementor-post-type=\"page\">\n\t\t\t\t<div class=\"elementor-element elementor-element-7da23d1 e-flex e-con-boxed e-con e-parent\" data-id=\"7da23d1\" data-element_type=\"container\">\n\t\t\t\t\t<div class=\"e-con-inner\">\n\t\t\t\t<div class=\"elementor-element elementor-element-f697417 elementor-widget elementor-widget-text-editor\" data-id=\"f697417\" data-element_type=\"widget\" data-widget_type=\"text-editor.default\">\n\t\t\t\t\t\t\t\t\t<p align=\"center\"><iframe src=\"https:\/\/www.youtube.com\/embed\/InQZ5c5wIas\" width=\"494\" height=\"389\" frameborder=\"0\" allowfullscreen=\"allowfullscreen\" data-mce-fragment=\"1\"><\/iframe><\/p><p align=\"center\"><b>1.<\/b> Automatin\u0117 medienos i\u0161ilginio sud\u016brimo linija (<a href=\"https:\/\/www.kadis.lt\/?p=1627\">DFK-2M-A\/DPK-3A<\/a>)<strong><br \/><\/strong><\/p><hr \/><div class=\"column-group columns-2\"> <div class=\"column column-number-1 column-span-1\"><p><iframe src=\"https:\/\/www.youtube.com\/embed\/wVeNr2LA1hk\" width=\"494\" height=\"389\" frameborder=\"0\" allowfullscreen=\"allowfullscreen\" data-mce-fragment=\"1\"><\/iframe><\/p>\n<p align=\"center\"><b>2.<\/b> Medienos i\u0161ilginio sud\u016brimo linija (<a href=\"https:\/\/www.kadis.lt\/?p=1669\">DFK-4-2<\/a>\/<a href=\"https:\/\/www.kadis.lt\/?p=1627\">DPK-3A<\/a>)<\/p>\n<hr \/>\n<p>\n<\/div> <div class=\"column column-number-2 last column-span-1\"><p><iframe src=\"https:\/\/www.youtube.com\/embed\/KHAMtyPmKQI\" width=\"494\" height=\"389\" frameborder=\"0\" allowfullscreen=\"allowfullscreen\" data-mce-fragment=\"1\"><\/iframe><\/p>\n<p align=\"center\"><b>3.<\/b> Pusiau automatin\u0117 medienos i\u0161ilginio sud\u016brimo linija (<a href=\"https:\/\/www.kadis.lt\/?p=1669\">DFK-4\/DPK-5<\/a>)<\/p>\n<hr \/>\n<p>\n<\/div> <\/div><div class=\"column-group columns-2\"> <div class=\"column column-number-1 column-span-1\"><p><iframe src=\"https:\/\/www.youtube.com\/embed\/eH_sWlWW0i8\" width=\"494\" height=\"389\" frameborder=\"0\" allowfullscreen=\"allowfullscreen\" data-mce-fragment=\"1\"><\/iframe><\/p>\n<p align=\"center\"><b>4.<\/b> Kompaktinis medienos i\u0161ilginio sud\u016brimo pusautomatis (<a href=\"https:\/\/www.kadis.lt\/?p=1667\">DKK-1<\/a>)<\/p>\n<hr \/>\n<p>\n<\/div> <div class=\"column column-number-2 last column-span-1\"><p><iframe src=\"https:\/\/www.youtube.com\/embed\/bnNtPp8dB8c\" width=\"494\" height=\"389\" frameborder=\"0\" allowfullscreen=\"allowfullscreen\" data-mce-fragment=\"1\"><\/iframe><\/p>\n<p align=\"center\"><b>5.<\/b>\u00a0Hidraulinis presas (<a href=\"https:\/\/www.kadis.lt\/?p=1708\">TPK-6000<\/a>)<\/p>\n<hr \/>\n<p>\n<\/div> <\/div><div class=\"column-group columns-2\"> <div class=\"column column-number-1 column-span-1\"><p><iframe src=\"https:\/\/www.youtube.com\/embed\/kmwD4Z49C9U\" width=\"494\" height=\"389\" frameborder=\"0\" allowfullscreen=\"allowfullscreen\" data-mce-fragment=\"1\"><\/iframe><\/p>\n<p align=\"center\"><b>6.<\/b> Medienos i\u0161ilginio sud\u016brimo linija (<a href=\"https:\/\/www.kadis.lt\/?p=1664\">DFK-2M<\/a>\/<a href=\"https:\/\/www.kadis.lt\/?p=1622\">DPK-3<\/a>)<\/p>\n<hr \/>\n<p>\n<\/div> <div class=\"column column-number-2 last column-span-1\"><p><iframe src=\"https:\/\/www.youtube.com\/embed\/meXHOM1ouyE\" width=\"494\" height=\"389\" frameborder=\"0\" allowfullscreen=\"allowfullscreen\" data-mce-fragment=\"1\"><\/iframe><\/p>\n<p align=\"center\"><b>7.<\/b> Automatin\u0117 medienos i\u0161ilginio sud\u016brimo linija (<a href=\"https:\/\/www.kadis.lt\/?p=1627\">DFK-2MP\/DPK-3A<\/a>)<\/p>\n<hr \/>\n<p>\n<\/div> <\/div>\t\t\t\t\t\t\t\t<\/div>\n\t\t\t\t\t<\/div>\n\t\t\t\t<\/div>\n\t\t\t\t<\/div>\n\t\t","protected":false},"excerpt":{"rendered":"<p>1. Automatin\u0117 medienos i\u0161ilginio sud\u016brimo linija (DFK-2M-A\/DPK-3A)<\/p>\n","protected":false},"author":3,"featured_media":0,"parent":0,"menu_order":0,"comment_status":"closed","ping_status":"closed","template":"","meta":{"footnotes":""},"class_list":["post-4407","page","type-page","status-publish","hentry"],"_links":{"self":[{"href":"https:\/\/www.kadis.lt\/index.php?rest_route=\/wp\/v2\/pages\/4407"}],"collection":[{"href":"https:\/\/www.kadis.lt\/index.php?rest_route=\/wp\/v2\/pages"}],"about":[{"href":"https:\/\/www.kadis.lt\/index.php?rest_route=\/wp\/v2\/types\/page"}],"author":[{"embeddable":true,"href":"https:\/\/www.kadis.lt\/index.php?rest_route=\/wp\/v2\/users\/3"}],"replies":[{"embeddable":true,"href":"https:\/\/www.kadis.lt\/index.php?rest_route=%2Fwp%2Fv2%2Fcomments&post=4407"}],"version-history":[{"count":4,"href":"https:\/\/www.kadis.lt\/index.php?rest_route=\/wp\/v2\/pages\/4407\/revisions"}],"predecessor-version":[{"id":4409,"href":"https:\/\/www.kadis.lt\/index.php?rest_route=\/wp\/v2\/pages\/4407\/revisions\/4409"}],"wp:attachment":[{"href":"https:\/\/www.kadis.lt\/index.php?rest_route=%2Fwp%2Fv2%2Fmedia&parent=4407"}],"curies":[{"name":"wp","href":"https:\/\/api.w.org\/{rel}","templated":true}]}}